{"id":1088,"date":"2021-09-12T20:57:24","date_gmt":"2021-09-12T18:57:24","guid":{"rendered":"http:\/\/reitverein-hechtsheim.de\/?page_id=1088"},"modified":"2021-09-15T15:53:20","modified_gmt":"2021-09-15T13:53:20","slug":"freilandturnier-25-26-09-2021","status":"publish","type":"page","link":"http:\/\/reitverein-hechtsheim.de\/?page_id=1088","title":{"rendered":"Freilandturnier 25.\/26.09.2021"},"content":{"rendered":"\n<p>Liebe Teilnehmer*innen, liebe Besucher*innen, hier finden Sie folgende Informationen: <\/p>\n\n\n\n<ol class=\"wp-block-list\"><li>Zeiteinteilung <a href=\"http:\/\/reitverein-hechtsheim.de\/wp-content\/uploads\/2021\/09\/Zeiteinteilung-25.-26.-9.-2021-1.pdf\">http:\/\/reitverein-hechtsheim.de\/wp-content\/uploads\/2021\/09\/Zeiteinteilung-25.-26.-9.-2021-1.pdf<\/a><\/li><li>Anwesenheitsnachweis <a href=\"http:\/\/reitverein-hechtsheim.de\/wp-content\/uploads\/2021\/09\/Anwesenheitsnachweis_.pdf\">http:\/\/reitverein-hechtsheim.de\/wp-content\/uploads\/2021\/09\/Anwesenheitsnachweis_.pdf<\/a> <\/li><\/ol>\n\n\n\n<p>Wir freuen uns sehr, dass Frau Ursula Groden-Kranich die Schirmherrschaft \u00fcber unser diesj\u00e4hriges Turnier \u00fcbernommen hat:<\/p>\n\n\n\n<p>Sehr geehrte Damen und Herren!<\/p>\n\n\n\n<p>Liebe Reitsportbegeisterte!<\/p>\n\n\n\n<p>Ich freue mich sehr, wieder einmal die Schirmherrschaft f\u00fcr dieses traditionelle Spring- und Dressurturnier auf unserer wundersch\u00f6nen Reitanlage in Hechtsheim \u00fcbernehmen zu d\u00fcrfen.<\/p>\n\n\n\n<p>Ich bin froh und hoffe, viele Teilnehmerinnen und Teilnehmer sowie viele Besucherinnen und Besucher beim diesj\u00e4hrigen Reitturnier des Reit- und Fahrvereins 1929 e.V. Mainz-Hechtsheim begr\u00fc\u00dfen zu d\u00fcrfen. Das gro\u00dfe Interesse beweist aufs Neue, dass Reiten von klein auf begeistert. Und ist dieses Reitturnier nicht ein wunderbarer Anlass daf\u00fcr, dass sich die gro\u00dfe Familie der Reitsportbegeisterten hier in Hechtsheim vor Ort mal wieder treffen kann?<\/p>\n\n\n\n<p>Familie Kerz und das ganze Team des Reit- und Fahrvereins haben erneut ein tolles Turnier auf die Beine gestellt. Aus eigener Erfahrung wei\u00df ich, wie viel Arbeit und Zeit\u2013 ganz besonders zu Pandemiezeiten \u2013 die Planung und Durchf\u00fchrung eines solchen Events verschlingen. Daher ein gro\u00dfes Dankesch\u00f6n an alle Beteiligten, f\u00fcr Ihr Engagement f\u00fcr den Pferdesport nicht nur heute sondern das ganze Jahr hindurch.<\/p>\n\n\n\n<p>Ich w\u00fcnsche uns allen, spannende und faire Wettk\u00e4mpfe und dass alle Reiterinnen und Reiter sowie die Pferde wohlbehalten die Pr\u00fcfungen bestehen. M\u00f6gen die Besten gewinnen.<\/p>\n\n\n\n<p>Ihre<\/p>\n\n\n\n<p>Ursula Groden-Kranich<\/p>\n\n\n\n<figure class=\"wp-block-image size-full\"><a href=\"http:\/\/reitverein-hechtsheim.de\/wp-content\/uploads\/2021\/09\/P20-0803-001a_kl-1.jpg\"><img loading=\"lazy\" decoding=\"async\" width=\"458\" height=\"610\" src=\"http:\/\/reitverein-hechtsheim.de\/wp-content\/uploads\/2021\/09\/P20-0803-001a_kl-1.jpg\" alt=\"\" class=\"wp-image-1098\" srcset=\"http:\/\/reitverein-hechtsheim.de\/wp-content\/uploads\/2021\/09\/P20-0803-001a_kl-1.jpg 458w, http:\/\/reitverein-hechtsheim.de\/wp-content\/uploads\/2021\/09\/P20-0803-001a_kl-1-225x300.jpg 225w\" sizes=\"auto, (max-width: 458px) 100vw, 458px\" \/><\/a><\/figure>\n\n\n\n<p><\/p>\n","protected":false},"excerpt":{"rendered":"<p>Liebe Teilnehmer*innen, liebe Besucher*innen, hier finden Sie folgende Informationen: Zeiteinteilung http:\/\/reitverein-hechtsheim.de\/wp-content\/uploads\/2021\/09\/Zeiteinteilung-25.-26.-9.-2021-1.pdf Anwesenheitsnachweis http:\/\/reitverein-hechtsheim.de\/wp-content\/uploads\/2021\/09\/Anwesenheitsnachweis_.pdf Wir freuen uns sehr, dass Frau Ursula Groden-Kranich die Schirmherrschaft \u00fcber unser diesj\u00e4hriges Turnier \u00fcbernommen hat: Sehr geehrte Damen und Herren! Liebe Reitsportbegeisterte! Ich freue mich sehr, &hellip; <a href=\"http:\/\/reitverein-hechtsheim.de\/?page_id=1088\">Weiterlesen <span class=\"meta-nav\">&rarr;<\/span><\/a><\/p>\n","protected":false},"author":6,"featured_media":0,"parent":0,"menu_order":0,"comment_status":"closed","ping_status":"closed","template":"","meta":{"footnotes":""},"class_list":["post-1088","page","type-page","status-publish","hentry"],"_links":{"self":[{"href":"http:\/\/reitverein-hechtsheim.de\/index.php?rest_route=\/wp\/v2\/pages\/1088","targetHints":{"allow":["GET"]}}],"collection":[{"href":"http:\/\/reitverein-hechtsheim.de\/index.php?rest_route=\/wp\/v2\/pages"}],"about":[{"href":"http:\/\/reitverein-hechtsheim.de\/index.php?rest_route=\/wp\/v2\/types\/page"}],"author":[{"embeddable":true,"href":"http:\/\/reitverein-hechtsheim.de\/index.php?rest_route=\/wp\/v2\/users\/6"}],"replies":[{"embeddable":true,"href":"http:\/\/reitverein-hechtsheim.de\/index.php?rest_route=%2Fwp%2Fv2%2Fcomments&post=1088"}],"version-history":[{"count":9,"href":"http:\/\/reitverein-hechtsheim.de\/index.php?rest_route=\/wp\/v2\/pages\/1088\/revisions"}],"predecessor-version":[{"id":1217,"href":"http:\/\/reitverein-hechtsheim.de\/index.php?rest_route=\/wp\/v2\/pages\/1088\/revisions\/1217"}],"wp:attachment":[{"href":"http:\/\/reitverein-hechtsheim.de\/index.php?rest_route=%2Fwp%2Fv2%2Fmedia&parent=1088"}],"curies":[{"name":"wp","href":"https:\/\/api.w.org\/{rel}","templated":true}]}}