{"id":887,"date":"2020-04-16T17:30:39","date_gmt":"2020-04-16T15:30:39","guid":{"rendered":"http:\/\/reitverein-hechtsheim.de\/?page_id=887"},"modified":"2023-03-26T18:09:03","modified_gmt":"2023-03-26T16:09:03","slug":"reitunterricht","status":"publish","type":"page","link":"http:\/\/reitverein-hechtsheim.de\/?page_id=887","title":{"rendered":"Reit- und Fahrbetrieb"},"content":{"rendered":"\n<p>ACHTUNG! DER VEREIN BIETET <strong>KEINE REITSTUNDEN<\/strong> AN! BEI INTERESSE AN REITSTUNDEN BITTE BEI FAMILIE KERZ unter 06131-593688 ANRUFEN!<\/p>\n\n\n\n<p>Der Reitbetrieb Kerz ist seit vielen Jahrzehnten eng mit dem Verein verbunden. Vereinsmitglieder, die kein eigenenes Pferd besitzen, d\u00fcrfen auch unter enger Betreuung und intensiver Vorbereitung von Herrn Kerz auf seinen Schulpferden auf Turnieren starten oder auch einfach an unseren Vereinsfeiern zum Beispiel auf die lustigen Erlebnisparcours gehen.<\/p>\n\n\n\n<p>Wer Interesse an unserem Reitverein und dem Vereinsleben hat, aber noch nicht reiten kann oder fr\u00fcher mal geritten ist und wieder einsteigen m\u00f6chte oder gerne Turniere zuk\u00fcnftig reiten m\u00f6chte, kann dort Reitstunden nehmen. Die Vereinsmitgliedschaft ist f\u00fcr den reinen Unterricht dabei nicht notwendig. Herr Kerz bietet:<\/p>\n\n\n\n<p>Longenstunden (30 Min.); Einzelreitstunden (30 Min.); Gruppenstunden in der Abteilung (60 Min.); Gruppenstunden Durcheinanderreiten (60 Min.); Springgymnastik (60 Min.); Springstunden (60 Min.).<\/p>\n\n\n\n<p>Auch werden Planwagen- und Kutschfahrten angeboten.<\/p>\n\n\n\n<p>F\u00fcr Preise und Zeiten wenden Sie sich bitte per Telefon an Familie  Kerz. Tel.:  06131-593688 oder Mail: reithalle.kerz@t-online.de<\/p>\n\n\n\n<p><\/p>\n","protected":false},"excerpt":{"rendered":"<p>ACHTUNG! DER VEREIN BIETET KEINE REITSTUNDEN AN! BEI INTERESSE AN REITSTUNDEN BITTE BEI FAMILIE KERZ unter 06131-593688 ANRUFEN! Der Reitbetrieb Kerz ist seit vielen Jahrzehnten eng mit dem Verein verbunden. Vereinsmitglieder, die kein eigenenes Pferd besitzen, d\u00fcrfen auch unter enger &hellip; <a href=\"http:\/\/reitverein-hechtsheim.de\/?page_id=887\">Weiterlesen <span class=\"meta-nav\">&rarr;<\/span><\/a><\/p>\n","protected":false},"author":6,"featured_media":0,"parent":0,"menu_order":1,"comment_status":"closed","ping_status":"closed","template":"","meta":{"footnotes":""},"class_list":["post-887","page","type-page","status-publish","hentry"],"_links":{"self":[{"href":"http:\/\/reitverein-hechtsheim.de\/index.php?rest_route=\/wp\/v2\/pages\/887","targetHints":{"allow":["GET"]}}],"collection":[{"href":"http:\/\/reitverein-hechtsheim.de\/index.php?rest_route=\/wp\/v2\/pages"}],"about":[{"href":"http:\/\/reitverein-hechtsheim.de\/index.php?rest_route=\/wp\/v2\/types\/page"}],"author":[{"embeddable":true,"href":"http:\/\/reitverein-hechtsheim.de\/index.php?rest_route=\/wp\/v2\/users\/6"}],"replies":[{"embeddable":true,"href":"http:\/\/reitverein-hechtsheim.de\/index.php?rest_route=%2Fwp%2Fv2%2Fcomments&post=887"}],"version-history":[{"count":7,"href":"http:\/\/reitverein-hechtsheim.de\/index.php?rest_route=\/wp\/v2\/pages\/887\/revisions"}],"predecessor-version":[{"id":1250,"href":"http:\/\/reitverein-hechtsheim.de\/index.php?rest_route=\/wp\/v2\/pages\/887\/revisions\/1250"}],"wp:attachment":[{"href":"http:\/\/reitverein-hechtsheim.de\/index.php?rest_route=%2Fwp%2Fv2%2Fmedia&parent=887"}],"curies":[{"name":"wp","href":"https:\/\/api.w.org\/{rel}","templated":true}]}}