{"id":916,"date":"2020-06-26T11:00:04","date_gmt":"2020-06-26T09:00:04","guid":{"rendered":"http:\/\/reitverein-hechtsheim.de\/?page_id=916"},"modified":"2022-09-13T12:26:36","modified_gmt":"2022-09-13T10:26:36","slug":"warum-in-den-verein-ein-pamphlet","status":"publish","type":"page","link":"http:\/\/reitverein-hechtsheim.de\/?page_id=916","title":{"rendered":"Warum in den Verein? &#8211; Ein Pamphlet"},"content":{"rendered":"\n<p>Tja, wo dr\u00fcckt der Schuh. Immer mehr Kinder und Jugendliche leiden an Depressionen und Angstst\u00f6rungen, dazu kommt \u00dcbergewicht. Die zunehmende Digitalisierung l\u00e4sst sie zuhause am Handy sitzen, direkte Sozialkontakte fallen weg.&nbsp; Das Reiten setzt genau dort an: Den K\u00f6rper wieder sp\u00fcren, Balance, Konzentration, Kraft, Koordination &#8211; alles Dinge, die kaum noch gefragt sind, aber \u00fcberlebensnotwendig sind. Und dann das Beste: Dieses wundervolle, geduldige, warme Tier, das sich in die H\u00e4nde des Menschen begibt, ihm vertraut, ihn tr\u00e4gt, mit ihm Aufgaben bew\u00e4ltigt. Reiten heilt ganzheitlich und genau das braucht die heutige Gesellschaft.<\/p>\n\n\n\n<p><strong>Sagen wir es mit klaren Worten: Der Verein wird bald verschwinden, wenn nicht etwas passiert. <\/strong>Warum w\u00e4re das schade? Ganz klar: <strong>Unsere wundervollen Reitpl\u00e4tze markieren das Tor zu den Feldern und zum Naturschutzgebiet nach Rheinhessen<\/strong>. Gibt es die Pl\u00e4tze nicht mehr, muss die Planierraupe alles beseitigen. Die Spazierg\u00e4nger kommen nicht mehr an Pferden und Reitern vorbei, die alten Pappeln werden verschwinden, die sich auf unseren Pl\u00e4tzen reihen. Auf unseren Pl\u00e4tzen nisten V\u00f6gel und Insekten, Nager und andere Kleintiere f\u00fchlen sich wohl; ein zentraler Punkt f\u00fcr ein Fest der Dorfgemeinschaft in Form unseres Sommerturniers w\u00fcrde verloren gehen, ein Werbemittel f\u00fcr die Region w\u00fcrde fehlen, da beim Turnier aus dem ganzen Land Sportler anreisen, um an den Wettbewerben teilzunehmen; durch Corona ist dieses Ereignis leider schon weggefallen, wodurch dem Verein enorme Verluste entstanden sind.<\/p>\n\n\n\n<p>Durch Spendenaufrufe und soziale Medien versuchen wir nun, auf unseren Verein aufmerksam zu machen; wir werden noch im Herbst wieder ein Vereinsfest mit Pferdesegnung abhalten, bei dem Zuschauer oder Hundebesitzer herzlich eingeladen sind, spontan daran teilzunehmen; wir wollen den Menschen deutlich machen, dass dieses Schmuckst\u00fcck an Anlage ein wichtiger Teil der Ortsgemeinschaft sind und was sie verlieren w\u00fcrden, g\u00e4be es uns nicht mehr.<\/p>\n\n\n\n<p>Unsere Vereinsarbeit ist ohne Zweifel \u00fcbertragbar auf andere Vereine. Da es uns schon seit mehr als 90 Jahren gibt, haben wir einen gro\u00dfen Erfahrungsschatz was Organisatorische T\u00e4tigkeiten betrifft; wir haben Kontakte zu Landwirten der Region, die uns bei unseren Turnieren mit ihren Ger\u00e4ten unterst\u00fctzen; am Turnier verkaufen wir Wein und Speisen von ans\u00e4ssigen Weing\u00fctern und Gastst\u00e4tten; seit Jahren unterst\u00fctzt uns die Landb\u00e4ckerei Mayer oder die B\u00e4ckerei Fuchs, im Gegenzug bewerben wir sie auf unseren Veranstaltungen; dies erh\u00e4lt die Region wirtschaftlich: es geht nur gemeinsam!<\/p>\n\n\n\n<p>An den Turnieren bieten wir die M\u00f6glichkeit, dass Sponsoren ihre Unternehmen bewerben k\u00f6nnen; es gibt sehr viel Platz f\u00fcr Banner und Aufsteller; jedes Jahr gibt es bis zu 20 Kleinstunternehmen bis Gro\u00dfunternehmen, die dem Nachkommen und wir sind gl\u00fccklich, \u00fcber die finanzielle Spritze, die wir durch unsere knebelnde Pachtvertr\u00e4ge der Stadt dringen n\u00f6tig haben; wir bieten auch Werbefl\u00e4chen auf unserer Webseite und unterst\u00fctzen so andere.<\/p>\n\n\n\n<p>Der Verein bietet <strong>KEINEN REITUNTERRICHT!!!<\/strong> Anfragen zum Reitunterricht bitte an Familie Kerz! 06131-593688<\/p>\n","protected":false},"excerpt":{"rendered":"<p>Tja, wo dr\u00fcckt der Schuh. Immer mehr Kinder und Jugendliche leiden an Depressionen und Angstst\u00f6rungen, dazu kommt \u00dcbergewicht. Die zunehmende Digitalisierung l\u00e4sst sie zuhause am Handy sitzen, direkte Sozialkontakte fallen weg.&nbsp; Das Reiten setzt genau dort an: Den K\u00f6rper wieder &hellip; <a href=\"http:\/\/reitverein-hechtsheim.de\/?page_id=916\">Weiterlesen <span class=\"meta-nav\">&rarr;<\/span><\/a><\/p>\n","protected":false},"author":6,"featured_media":0,"parent":26,"menu_order":0,"comment_status":"closed","ping_status":"closed","template":"","meta":{"footnotes":""},"class_list":["post-916","page","type-page","status-publish","hentry"],"_links":{"self":[{"href":"http:\/\/reitverein-hechtsheim.de\/index.php?rest_route=\/wp\/v2\/pages\/916","targetHints":{"allow":["GET"]}}],"collection":[{"href":"http:\/\/reitverein-hechtsheim.de\/index.php?rest_route=\/wp\/v2\/pages"}],"about":[{"href":"http:\/\/reitverein-hechtsheim.de\/index.php?rest_route=\/wp\/v2\/types\/page"}],"author":[{"embeddable":true,"href":"http:\/\/reitverein-hechtsheim.de\/index.php?rest_route=\/wp\/v2\/users\/6"}],"replies":[{"embeddable":true,"href":"http:\/\/reitverein-hechtsheim.de\/index.php?rest_route=%2Fwp%2Fv2%2Fcomments&post=916"}],"version-history":[{"count":4,"href":"http:\/\/reitverein-hechtsheim.de\/index.php?rest_route=\/wp\/v2\/pages\/916\/revisions"}],"predecessor-version":[{"id":1219,"href":"http:\/\/reitverein-hechtsheim.de\/index.php?rest_route=\/wp\/v2\/pages\/916\/revisions\/1219"}],"up":[{"embeddable":true,"href":"http:\/\/reitverein-hechtsheim.de\/index.php?rest_route=\/wp\/v2\/pages\/26"}],"wp:attachment":[{"href":"http:\/\/reitverein-hechtsheim.de\/index.php?rest_route=%2Fwp%2Fv2%2Fmedia&parent=916"}],"curies":[{"name":"wp","href":"https:\/\/api.w.org\/{rel}","templated":true}]}}